{"id":90,"date":"2023-04-17T06:45:09","date_gmt":"2023-04-17T06:45:09","guid":{"rendered":"https:\/\/www.hunggarargentina.com.ar\/?page_id=90"},"modified":"2023-04-17T16:28:53","modified_gmt":"2023-04-17T16:28:53","slug":"hung-gar","status":"publish","type":"page","link":"https:\/\/www.hunggarargentina.com.ar\/?page_id=90","title":{"rendered":"Hung Gar"},"content":{"rendered":"\t\t<div data-elementor-type=\"wp-page\" data-elementor-id=\"90\" class=\"elementor elementor-90\">\n\t\t\t\t\t\t\t\t\t<section class=\"elementor-section elementor-top-section elementor-element elementor-element-b2aedc1 elementor-section-full_width elementor-section-height-default elementor-section-height-default\" data-id=\"b2aedc1\" data-element_type=\"section\">\n\t\t\t\t\t\t<div class=\"elementor-container elementor-column-gap-default\">\n\t\t\t\t\t<div class=\"elementor-column elementor-col-50 elementor-top-column elementor-element elementor-element-74f6f66 elementor-hidden-tablet elementor-hidden-mobile\" data-id=\"74f6f66\" data-element_type=\"column\" data-settings=\"{&quot;background_background&quot;:&quot;classic&quot;}\">\n\t\t\t<div class=\"elementor-widget-wrap elementor-element-populated\">\n\t\t\t\t\t\t\t\t<div class=\"elementor-element elementor-element-10529d7 elementor-widget elementor-widget-heading\" data-id=\"10529d7\" data-element_type=\"widget\" data-widget_type=\"heading.default\">\n\t\t\t\t<div class=\"elementor-widget-container\">\n\t\t\t<style>\/*! elementor - v3.12.1 - 02-04-2023 *\/\n.elementor-heading-title{padding:0;margin:0;line-height:1}.elementor-widget-heading .elementor-heading-title[class*=elementor-size-]>a{color:inherit;font-size:inherit;line-height:inherit}.elementor-widget-heading .elementor-heading-title.elementor-size-small{font-size:15px}.elementor-widget-heading .elementor-heading-title.elementor-size-medium{font-size:19px}.elementor-widget-heading .elementor-heading-title.elementor-size-large{font-size:29px}.elementor-widget-heading .elementor-heading-title.elementor-size-xl{font-size:39px}.elementor-widget-heading .elementor-heading-title.elementor-size-xxl{font-size:59px}<\/style><h2 class=\"elementor-heading-title elementor-size-default\"> <\/h2>\t\t<\/div>\n\t\t\t\t<\/div>\n\t\t\t\t\t<\/div>\n\t\t<\/div>\n\t\t\t\t<div class=\"elementor-column elementor-col-50 elementor-top-column elementor-element elementor-element-3f1cfbc\" data-id=\"3f1cfbc\" data-element_type=\"column\" data-settings=\"{&quot;background_background&quot;:&quot;classic&quot;}\">\n\t\t\t<div class=\"elementor-widget-wrap elementor-element-populated\">\n\t\t\t\t\t\t\t\t<div class=\"elementor-element elementor-element-5c10cb0 elementor-widget elementor-widget-heading\" data-id=\"5c10cb0\" data-element_type=\"widget\" data-widget_type=\"heading.default\">\n\t\t\t\t<div class=\"elementor-widget-container\">\n\t\t\t<h2 class=\"elementor-heading-title elementor-size-default\">Hung Gar<\/h2>\t\t<\/div>\n\t\t\t\t<\/div>\n\t\t\t\t<div class=\"elementor-element elementor-element-ae69163 elementor-widget elementor-widget-text-editor\" data-id=\"ae69163\" data-element_type=\"widget\" data-widget_type=\"text-editor.default\">\n\t\t\t\t<div class=\"elementor-widget-container\">\n\t\t\t<style>\/*! elementor - v3.12.1 - 02-04-2023 *\/\n.elementor-widget-text-editor.elementor-drop-cap-view-stacked .elementor-drop-cap{background-color:#69727d;color:#fff}.elementor-widget-text-editor.elementor-drop-cap-view-framed .elementor-drop-cap{color:#69727d;border:3px solid;background-color:transparent}.elementor-widget-text-editor:not(.elementor-drop-cap-view-default) .elementor-drop-cap{margin-top:8px}.elementor-widget-text-editor:not(.elementor-drop-cap-view-default) .elementor-drop-cap-letter{width:1em;height:1em}.elementor-widget-text-editor .elementor-drop-cap{float:left;text-align:center;line-height:1;font-size:50px}.elementor-widget-text-editor .elementor-drop-cap-letter{display:inline-block}<\/style>\t\t\t\t<p>Si bien los or\u00edgenes de las artes marciales chinas en general, se asocian a los Monasterios de Shaol\u00edn, se puede asegurar que en realidad son muy anteriores a la construcci\u00f3n de dichos templos, sin embargo all\u00ed se concentraron variedad de sistemas y estilos de lucha, que luego fueron desarrollados y perfeccionados a su m\u00e1xima expresi\u00f3n por los monjes.<\/p>\t\t\t\t\t\t<\/div>\n\t\t\t\t<\/div>\n\t\t\t\t<div class=\"elementor-element elementor-element-86c4f33 elementor-widget elementor-widget-text-editor\" data-id=\"86c4f33\" data-element_type=\"widget\" data-widget_type=\"text-editor.default\">\n\t\t\t\t<div class=\"elementor-widget-container\">\n\t\t\t\t\t\t\t<p>En el caso del Hung Gar, podemos decir que surge en el siglo XVII en el Templo de Fukien al sur de China, a trav\u00e9s de la transmisi\u00f3n de t\u00e9cnicas de combate combinadas de tigre y grulla, del abad del Templo Gee Sin Sim See, a uno de los monjes laicos m\u00e1s destacado, por sus habilidades sobresalientes en la pr\u00e1ctica del arte marcial: Hung Hei Goon.<\/p>\t\t\t\t\t\t<\/div>\n\t\t\t\t<\/div>\n\t\t\t\t\t<\/div>\n\t\t<\/div>\n\t\t\t\t\t\t\t<\/div>\n\t\t<\/section>\n\t\t\t\t<section class=\"elementor-section elementor-top-section elementor-element elementor-element-fad9ce6 elementor-section-height-min-height elementor-section-boxed elementor-section-height-default elementor-section-items-middle\" data-id=\"fad9ce6\" data-element_type=\"section\" data-settings=\"{&quot;background_background&quot;:&quot;classic&quot;}\">\n\t\t\t\t\t\t<div class=\"elementor-container elementor-column-gap-default\">\n\t\t\t\t\t<div class=\"elementor-column elementor-col-100 elementor-top-column elementor-element elementor-element-7695eee\" data-id=\"7695eee\" data-element_type=\"column\">\n\t\t\t<div class=\"elementor-widget-wrap\">\n\t\t\t\t\t\t\t\t\t<\/div>\n\t\t<\/div>\n\t\t\t\t\t\t\t<\/div>\n\t\t<\/section>\n\t\t\t\t<section class=\"elementor-section elementor-top-section elementor-element elementor-element-c75dc83 elementor-section-full_width elementor-section-height-default elementor-section-height-default\" data-id=\"c75dc83\" data-element_type=\"section\">\n\t\t\t\t\t\t<div class=\"elementor-container elementor-column-gap-default\">\n\t\t\t\t\t<div class=\"elementor-column elementor-col-100 elementor-top-column elementor-element elementor-element-340b844\" data-id=\"340b844\" data-element_type=\"column\" data-settings=\"{&quot;background_background&quot;:&quot;classic&quot;}\">\n\t\t\t<div class=\"elementor-widget-wrap elementor-element-populated\">\n\t\t\t\t\t\t\t\t<div class=\"elementor-element elementor-element-e278938 elementor-widget elementor-widget-text-editor\" data-id=\"e278938\" data-element_type=\"widget\" data-widget_type=\"text-editor.default\">\n\t\t\t\t<div class=\"elementor-widget-container\">\n\t\t\t\t\t\t\t<p>El Hung Gar, que significa \u00abboxeo o pu\u00f1o de la familia Hung\u00bb, es uno de los estilos pugil\u00edsticos m\u00e1s representativos de las artes marciales desarrolladas en el sur de China, se caracteriza por ser un boxeo en el que predominan las t\u00e9cnicas de pu\u00f1o por sobre las de piernas, es de media y corta distancia, sumamente poderoso por su amplio arsenal que se aplica con agresividad y rapidez.<\/p>\t\t\t\t\t\t<\/div>\n\t\t\t\t<\/div>\n\t\t\t\t<div class=\"elementor-element elementor-element-3520af8 elementor-widget elementor-widget-text-editor\" data-id=\"3520af8\" data-element_type=\"widget\" data-widget_type=\"text-editor.default\">\n\t\t\t\t<div class=\"elementor-widget-container\">\n\t\t\t\t\t\t\t<p>Se utilizan posturas muy bajas, que dan solidez, estabilidad y desarrollan el poder de golpeo a partir de una base fuerte y estable.<\/p>\t\t\t\t\t\t<\/div>\n\t\t\t\t<\/div>\n\t\t\t\t<div class=\"elementor-element elementor-element-7d3eb21 elementor-widget elementor-widget-text-editor\" data-id=\"7d3eb21\" data-element_type=\"widget\" data-widget_type=\"text-editor.default\">\n\t\t\t\t<div class=\"elementor-widget-container\">\n\t\t\t\t\t\t\t<p>En su evoluci\u00f3n hacia nuestros d\u00edas, el sistema que naci\u00f3 con t\u00e9cnicas de tigre y grulla, incorpor\u00f3 movimientos asociados al drag\u00f3n, la serpiente y el leopardo, utilizadas en el Templo dentro de los cinco animales b\u00e1sicos; tambi\u00e9n encontramos t\u00e9cnicas asociadas a los cinco elementos (madera, metal [oro], agua, fuego y tierra), que complementan y potencian este formidable arte marcial.<\/p>\t\t\t\t\t\t<\/div>\n\t\t\t\t<\/div>\n\t\t\t\t\t<\/div>\n\t\t<\/div>\n\t\t\t\t\t\t\t<\/div>\n\t\t<\/section>\n\t\t\t\t\t\t\t<\/div>\n\t\t","protected":false},"excerpt":{"rendered":"<p>Hung Gar Si bien los or\u00edgenes de las artes marciales chinas en general, se asocian a los Monasterios de Shaol\u00edn, se puede asegurar que en realidad son muy anteriores a la construcci\u00f3n de dichos templos, sin embargo all\u00ed se concentraron variedad de sistemas y estilos de lucha, que luego fueron desarrollados y perfeccionados a su [&hellip;]<\/p>\n","protected":false},"author":1,"featured_media":0,"parent":0,"menu_order":0,"comment_status":"closed","ping_status":"closed","template":"elementor_header_footer","meta":[],"_links":{"self":[{"href":"https:\/\/www.hunggarargentina.com.ar\/index.php?rest_route=\/wp\/v2\/pages\/90"}],"collection":[{"href":"https:\/\/www.hunggarargentina.com.ar\/index.php?rest_route=\/wp\/v2\/pages"}],"about":[{"href":"https:\/\/www.hunggarargentina.com.ar\/index.php?rest_route=\/wp\/v2\/types\/page"}],"author":[{"embeddable":true,"href":"https:\/\/www.hunggarargentina.com.ar\/index.php?rest_route=\/wp\/v2\/users\/1"}],"replies":[{"embeddable":true,"href":"https:\/\/www.hunggarargentina.com.ar\/index.php?rest_route=%2Fwp%2Fv2%2Fcomments&post=90"}],"version-history":[{"count":16,"href":"https:\/\/www.hunggarargentina.com.ar\/index.php?rest_route=\/wp\/v2\/pages\/90\/revisions"}],"predecessor-version":[{"id":123,"href":"https:\/\/www.hunggarargentina.com.ar\/index.php?rest_route=\/wp\/v2\/pages\/90\/revisions\/123"}],"wp:attachment":[{"href":"https:\/\/www.hunggarargentina.com.ar\/index.php?rest_route=%2Fwp%2Fv2%2Fmedia&parent=90"}],"curies":[{"name":"wp","href":"https:\/\/api.w.org\/{rel}","templated":true}]}}